{"id":626,"date":"2018-05-20T17:43:38","date_gmt":"2018-05-20T17:43:38","guid":{"rendered":"http:\/\/www.gleitgut.de\/blog\/?page_id=626"},"modified":"2023-11-20T11:35:49","modified_gmt":"2023-11-20T11:35:49","slug":"impressum","status":"publish","type":"page","link":"https:\/\/www.gleitgut.de\/blog\/impressum\/","title":{"rendered":"Impressum"},"content":{"rendered":"\n<p>GleitGut GmbH<\/p>\n\n\n\n<p>Gewerbehofstrasse 9<br>45145 Essen<br>Deutschland<\/p>\n\n\n\n<p>Telefon: 0201-50979910<\/p>\n\n\n\n<p>Fax: 0201-50749269<\/p>\n\n\n\n<p>E-Mail: info(\u00e4t)gleitgut.de<\/p>\n\n\n\n<p>Gesch\u00e4ftsf\u00fchrer:<br>Marion Kniep-Maier<\/p>\n\n\n\n<p>Handelsregister: Amtsgericht Essen, HRB 25596<\/p>\n\n\n\n<p>Umsatzsteuer-Identifikationsnummer: DE 295639296<\/p>\n\n\n\n<p>Verantwortlich gem\u00e4\u00df \u00a7 18 Abs.2 MStV:<br>Kathrin Pothmann<br>c\/o GleitGut GmbH<br>Gewerbehofstrasse 9<br>45145 Essen<\/p>\n\n\n\n<p>Die Europ\u00e4ische Kommission stellt eine Plattform zur Online-Streitbeilegung (OS) bereit, die Sie hier finden <a href=\"https:\/\/ec.europa.eu\/consumers\/odr\/\" target=\"_blank\" rel=\"nofollow noopener noreferrer\">https:\/\/ec.europa.eu\/consumers\/odr\/<\/a>. Verbraucher haben die M\u00f6glichkeit, diese Plattform f\u00fcr die Beilegung ihrer Streitigkeiten zu nutzen. Zur Teilnahme an einem Streitbeilegungsverfahren vor einer Verbraucherschlichtungsstelle sind wir nicht verpflichtet und nicht bereit.<\/p>\n\n\n\n<p><strong>Bildquellen:<br>Wenn nicht explizit angegeben, stammen die Mediendaten, Bilder und Fotos von folgenden Webseiten:<br>&#8211; <a href=\"http:\/\/de.fotolia.com\/\">http:\/\/de.fotolia.com\/<\/a><\/strong><\/p>\n\n\n\n<p><strong>Haftungshinweis:<\/strong><br>Trotz sorgf\u00e4ltiger inhaltlicher Kontrolle \u00fcbernehmen wir keine Haftung f\u00fcr die Inhalte externer Links. F\u00fcr den Inhalt der verlinkten Seiten sind ausschlie\u00dflich deren Betreiber verantwortlich.<\/p>\n","protected":false},"excerpt":{"rendered":"<p>GleitGut GmbH Gewerbehofstrasse 945145 EssenDeutschland Telefon: 0201-50979910 Fax: 0201-50749269 E-Mail: info(\u00e4t)gleitgut.de Gesch\u00e4ftsf\u00fchrer:Marion Kniep-Maier Handelsregister: Amtsgericht Essen, HRB 25596 Umsatzsteuer-Identifikationsnummer: DE 295639296 Verantwortlich gem\u00e4\u00df \u00a7 18 Abs.2 MStV:Kathrin Pothmannc\/o GleitGut GmbHGewerbehofstrasse 945145 Essen Die Europ\u00e4ische Kommission stellt eine Plattform zur Online-Streitbeilegung<\/p>\n","protected":false},"author":1,"featured_media":0,"parent":0,"menu_order":0,"comment_status":"closed","ping_status":"closed","template":"","meta":{"footnotes":""},"class_list":["post-626","page","type-page","status-publish","hentry"],"yoast_head":"<!-- This site is optimized with the Yoast SEO plugin v27.5 - https:\/\/yoast.com\/product\/yoast-seo-wordpress\/ -->\n<title>Impressum<\/title>\n<meta name=\"description\" content=\"Hier finden Sie unser Impressum und unsere Kontaktdaten! Wir helfen Ihnen gerne bei Ihren Fragen und jeglichen Anliegen\" \/>\n<meta name=\"robots\" content=\"index, follow, max-snippet:-1, max-image-preview:large, max-video-preview:-1\" \/>\n<link rel=\"canonical\" href=\"https:\/\/www.gleitgut.de\/blog\/impressum\/\" \/>\n<meta property=\"og:locale\" content=\"de_DE\" \/>\n<meta property=\"og:type\" content=\"article\" \/>\n<meta property=\"og:title\" content=\"Impressum\" \/>\n<meta property=\"og:description\" content=\"Hier finden Sie unser Impressum und unsere Kontaktdaten! Wir helfen Ihnen gerne bei Ihren Fragen und jeglichen Anliegen\" \/>\n<meta property=\"og:url\" content=\"https:\/\/www.gleitgut.de\/blog\/impressum\/\" \/>\n<meta property=\"og:site_name\" content=\"GleitBlog\" \/>\n<meta property=\"article:publisher\" content=\"https:\/\/www.facebook.com\/gleitgut\" \/>\n<meta property=\"article:modified_time\" content=\"2023-11-20T11:35:49+00:00\" \/>\n<meta name=\"twitter:card\" content=\"summary_large_image\" \/>\n<meta name=\"twitter:label1\" content=\"Gesch\u00e4tzte Lesezeit\" \/>\n\t<meta name=\"twitter:data1\" content=\"1\u00a0Minute\" \/>\n<script type=\"application\/ld+json\" class=\"yoast-schema-graph\">{\"@context\":\"https:\\\/\\\/schema.org\",\"@graph\":[{\"@type\":\"WebPage\",\"@id\":\"https:\\\/\\\/www.gleitgut.de\\\/blog\\\/impressum\\\/\",\"url\":\"https:\\\/\\\/www.gleitgut.de\\\/blog\\\/impressum\\\/\",\"name\":\"Impressum\",\"isPartOf\":{\"@id\":\"https:\\\/\\\/www.gleitgut.de\\\/blog\\\/#website\"},\"datePublished\":\"2018-05-20T17:43:38+00:00\",\"dateModified\":\"2023-11-20T11:35:49+00:00\",\"description\":\"Hier finden Sie unser Impressum und unsere Kontaktdaten! Wir helfen Ihnen gerne bei Ihren Fragen und jeglichen Anliegen\",\"breadcrumb\":{\"@id\":\"https:\\\/\\\/www.gleitgut.de\\\/blog\\\/impressum\\\/#breadcrumb\"},\"inLanguage\":\"de\",\"potentialAction\":[{\"@type\":\"ReadAction\",\"target\":[\"https:\\\/\\\/www.gleitgut.de\\\/blog\\\/impressum\\\/\"]}]},{\"@type\":\"BreadcrumbList\",\"@id\":\"https:\\\/\\\/www.gleitgut.de\\\/blog\\\/impressum\\\/#breadcrumb\",\"itemListElement\":[{\"@type\":\"ListItem\",\"position\":1,\"name\":\"Home\",\"item\":\"https:\\\/\\\/www.gleitgut.de\\\/blog\\\/\"},{\"@type\":\"ListItem\",\"position\":2,\"name\":\"Impressum\"}]},{\"@type\":\"WebSite\",\"@id\":\"https:\\\/\\\/www.gleitgut.de\\\/blog\\\/#website\",\"url\":\"https:\\\/\\\/www.gleitgut.de\\\/blog\\\/\",\"name\":\"GleitBlog\",\"description\":\"Der Blog zum M\u00f6belgleiter Shop\",\"publisher\":{\"@id\":\"https:\\\/\\\/www.gleitgut.de\\\/blog\\\/#organization\"},\"potentialAction\":[{\"@type\":\"SearchAction\",\"target\":{\"@type\":\"EntryPoint\",\"urlTemplate\":\"https:\\\/\\\/www.gleitgut.de\\\/blog\\\/?s={search_term_string}\"},\"query-input\":{\"@type\":\"PropertyValueSpecification\",\"valueRequired\":true,\"valueName\":\"search_term_string\"}}],\"inLanguage\":\"de\"},{\"@type\":\"Organization\",\"@id\":\"https:\\\/\\\/www.gleitgut.de\\\/blog\\\/#organization\",\"name\":\"GleitGut GmbH\",\"url\":\"https:\\\/\\\/www.gleitgut.de\\\/blog\\\/\",\"logo\":{\"@type\":\"ImageObject\",\"inLanguage\":\"de\",\"@id\":\"https:\\\/\\\/www.gleitgut.de\\\/blog\\\/#\\\/schema\\\/logo\\\/image\\\/\",\"url\":\"https:\\\/\\\/www.gleitgut.de\\\/blog\\\/wp-content\\\/uploads\\\/2023\\\/08\\\/GleitGutfinal3_cv-Kopie.png\",\"contentUrl\":\"https:\\\/\\\/www.gleitgut.de\\\/blog\\\/wp-content\\\/uploads\\\/2023\\\/08\\\/GleitGutfinal3_cv-Kopie.png\",\"width\":2119,\"height\":1494,\"caption\":\"GleitGut GmbH\"},\"image\":{\"@id\":\"https:\\\/\\\/www.gleitgut.de\\\/blog\\\/#\\\/schema\\\/logo\\\/image\\\/\"},\"sameAs\":[\"https:\\\/\\\/www.facebook.com\\\/gleitgut\"]}]}<\/script>\n<!-- \/ Yoast SEO plugin. -->","yoast_head_json":{"title":"Impressum","description":"Hier finden Sie unser Impressum und unsere Kontaktdaten! Wir helfen Ihnen gerne bei Ihren Fragen und jeglichen Anliegen","robots":{"index":"index","follow":"follow","max-snippet":"max-snippet:-1","max-image-preview":"max-image-preview:large","max-video-preview":"max-video-preview:-1"},"canonical":"https:\/\/www.gleitgut.de\/blog\/impressum\/","og_locale":"de_DE","og_type":"article","og_title":"Impressum","og_description":"Hier finden Sie unser Impressum und unsere Kontaktdaten! Wir helfen Ihnen gerne bei Ihren Fragen und jeglichen Anliegen","og_url":"https:\/\/www.gleitgut.de\/blog\/impressum\/","og_site_name":"GleitBlog","article_publisher":"https:\/\/www.facebook.com\/gleitgut","article_modified_time":"2023-11-20T11:35:49+00:00","twitter_card":"summary_large_image","twitter_misc":{"Gesch\u00e4tzte Lesezeit":"1\u00a0Minute"},"schema":{"@context":"https:\/\/schema.org","@graph":[{"@type":"WebPage","@id":"https:\/\/www.gleitgut.de\/blog\/impressum\/","url":"https:\/\/www.gleitgut.de\/blog\/impressum\/","name":"Impressum","isPartOf":{"@id":"https:\/\/www.gleitgut.de\/blog\/#website"},"datePublished":"2018-05-20T17:43:38+00:00","dateModified":"2023-11-20T11:35:49+00:00","description":"Hier finden Sie unser Impressum und unsere Kontaktdaten! Wir helfen Ihnen gerne bei Ihren Fragen und jeglichen Anliegen","breadcrumb":{"@id":"https:\/\/www.gleitgut.de\/blog\/impressum\/#breadcrumb"},"inLanguage":"de","potentialAction":[{"@type":"ReadAction","target":["https:\/\/www.gleitgut.de\/blog\/impressum\/"]}]},{"@type":"BreadcrumbList","@id":"https:\/\/www.gleitgut.de\/blog\/impressum\/#breadcrumb","itemListElement":[{"@type":"ListItem","position":1,"name":"Home","item":"https:\/\/www.gleitgut.de\/blog\/"},{"@type":"ListItem","position":2,"name":"Impressum"}]},{"@type":"WebSite","@id":"https:\/\/www.gleitgut.de\/blog\/#website","url":"https:\/\/www.gleitgut.de\/blog\/","name":"GleitBlog","description":"Der Blog zum M\u00f6belgleiter Shop","publisher":{"@id":"https:\/\/www.gleitgut.de\/blog\/#organization"},"potentialAction":[{"@type":"SearchAction","target":{"@type":"EntryPoint","urlTemplate":"https:\/\/www.gleitgut.de\/blog\/?s={search_term_string}"},"query-input":{"@type":"PropertyValueSpecification","valueRequired":true,"valueName":"search_term_string"}}],"inLanguage":"de"},{"@type":"Organization","@id":"https:\/\/www.gleitgut.de\/blog\/#organization","name":"GleitGut GmbH","url":"https:\/\/www.gleitgut.de\/blog\/","logo":{"@type":"ImageObject","inLanguage":"de","@id":"https:\/\/www.gleitgut.de\/blog\/#\/schema\/logo\/image\/","url":"https:\/\/www.gleitgut.de\/blog\/wp-content\/uploads\/2023\/08\/GleitGutfinal3_cv-Kopie.png","contentUrl":"https:\/\/www.gleitgut.de\/blog\/wp-content\/uploads\/2023\/08\/GleitGutfinal3_cv-Kopie.png","width":2119,"height":1494,"caption":"GleitGut GmbH"},"image":{"@id":"https:\/\/www.gleitgut.de\/blog\/#\/schema\/logo\/image\/"},"sameAs":["https:\/\/www.facebook.com\/gleitgut"]}]}},"_links":{"self":[{"href":"https:\/\/www.gleitgut.de\/blog\/wp-json\/wp\/v2\/pages\/626","targetHints":{"allow":["GET"]}}],"collection":[{"href":"https:\/\/www.gleitgut.de\/blog\/wp-json\/wp\/v2\/pages"}],"about":[{"href":"https:\/\/www.gleitgut.de\/blog\/wp-json\/wp\/v2\/types\/page"}],"author":[{"embeddable":true,"href":"https:\/\/www.gleitgut.de\/blog\/wp-json\/wp\/v2\/users\/1"}],"replies":[{"embeddable":true,"href":"https:\/\/www.gleitgut.de\/blog\/wp-json\/wp\/v2\/comments?post=626"}],"version-history":[{"count":0,"href":"https:\/\/www.gleitgut.de\/blog\/wp-json\/wp\/v2\/pages\/626\/revisions"}],"wp:attachment":[{"href":"https:\/\/www.gleitgut.de\/blog\/wp-json\/wp\/v2\/media?parent=626"}],"curies":[{"name":"wp","href":"https:\/\/api.w.org\/{rel}","templated":true}]}}